{"id":330,"date":"2021-06-15T11:38:33","date_gmt":"2021-06-15T11:38:33","guid":{"rendered":"https:\/\/okankaradag.com\/?page_id=330"},"modified":"2022-10-30T20:39:51","modified_gmt":"2022-10-30T20:39:51","slug":"hakkimda","status":"publish","type":"page","link":"https:\/\/okankaradag.com\/en\/hakkimda","title":{"rendered":"About"},"content":{"rendered":"<p>Hi, I\u2019m Okan Can Karada\u011f,  live in Ankara.<\/p>\n\n\n\n<p class=\" translation-block\">I\u2019m working currently at Abis Technology as full stack developer. My skills are .<strong>Net, react<\/strong>, <strong>typescript<\/strong>, <strong>sql<\/strong>.<\/p>\n\n\n\n<figure class=\"wp-block-image\"><a href=\"https:\/\/stackoverflow.com\/users\/14671235\/okan-karadag\"><img src=\"https:\/\/stackoverflow.com\/users\/flair\/14671235.png\" alt=\"profile for Okan Karadag at Stack Overflow, Q&amp;A for professional and enthusiast programmers\" title=\"profile for Okan Karadag at Stack Overflow, Q&amp;A for professional and enthusiast programmers\"\/><\/a><\/figure>\n\n\n\n<ul class=\"wp-container-69ef9cccbeaeb wp-block-social-links\"><\/ul>\n\n\n\n<ul class=\"wp-container-69ef9cccbf021 wp-block-social-links\"><li class=\"wp-social-link wp-social-link-linkedin wp-block-social-link\"><a href=\"https:\/\/www.linkedin.com\/in\/okancankaradag\/\" aria-label=\"LinkedIn: https:\/\/www.linkedin.com\/in\/okancankaradag\/\"  class=\"wp-block-social-link-anchor\"> <svg width=\"24\" height=\"24\" viewbox=\"0 0 24 24\" version=\"1.1\" xmlns=\"http:\/\/www.w3.org\/2000\/svg\" role=\"img\" aria-hidden=\"true\" focusable=\"false\"><path d=\"M19.7,3H4.3C3.582,3,3,3.582,3,4.3v15.4C3,20.418,3.582,21,4.3,21h15.4c0.718,0,1.3-0.582,1.3-1.3V4.3 C21,3.582,20.418,3,19.7,3z M8.339,18.338H5.667v-8.59h2.672V18.338z M7.004,8.574c-0.857,0-1.549-0.694-1.549-1.548 c0-0.855,0.691-1.548,1.549-1.548c0.854,0,1.547,0.694,1.547,1.548C8.551,7.881,7.858,8.574,7.004,8.574z M18.339,18.338h-2.669 v-4.177c0-0.996-0.017-2.278-1.387-2.278c-1.389,0-1.601,1.086-1.601,2.206v4.249h-2.667v-8.59h2.559v1.174h0.037 c0.356-0.675,1.227-1.387,2.526-1.387c2.703,0,3.203,1.779,3.203,4.092V18.338z\"><\/path><\/svg><\/a><\/li>\n\n<li class=\"wp-social-link wp-social-link-mail wp-block-social-link\"><a href=\"http:\/\/karadagokancan@gmail.com\" aria-label=\"Mail: karadagokancan@gmail.com\"  class=\"wp-block-social-link-anchor\"> <svg width=\"24\" height=\"24\" viewbox=\"0 0 24 24\" version=\"1.1\" xmlns=\"http:\/\/www.w3.org\/2000\/svg\" role=\"img\" aria-hidden=\"true\" focusable=\"false\"><path d=\"M20,4H4C2.895,4,2,4.895,2,6v12c0,1.105,0.895,2,2,2h16c1.105,0,2-0.895,2-2V6C22,4.895,21.105,4,20,4z M20,8.236l-8,4.882 L4,8.236V6h16V8.236z\"><\/path><\/svg><\/a><\/li>\n\n<li class=\"wp-social-link wp-social-link-github wp-block-social-link\"><a href=\"http:\/\/github.com\/okankrdg\" aria-label=\"GitHub: github.com\/okankrdg\"  class=\"wp-block-social-link-anchor\"> <svg width=\"24\" height=\"24\" viewbox=\"0 0 24 24\" version=\"1.1\" xmlns=\"http:\/\/www.w3.org\/2000\/svg\" role=\"img\" aria-hidden=\"true\" focusable=\"false\"><path d=\"M12,2C6.477,2,2,6.477,2,12c0,4.419,2.865,8.166,6.839,9.489c0.5,0.09,0.682-0.218,0.682-0.484 c0-0.236-0.009-0.866-0.014-1.699c-2.782,0.602-3.369-1.34-3.369-1.34c-0.455-1.157-1.11-1.465-1.11-1.465 c-0.909-0.62,0.069-0.608,0.069-0.608c1.004,0.071,1.532,1.03,1.532,1.03c0.891,1.529,2.341,1.089,2.91,0.833 c0.091-0.647,0.349-1.086,0.635-1.337c-2.22-0.251-4.555-1.111-4.555-4.943c0-1.091,0.39-1.984,1.03-2.682 C6.546,8.54,6.202,7.524,6.746,6.148c0,0,0.84-0.269,2.75,1.025C10.295,6.95,11.15,6.84,12,6.836 c0.85,0.004,1.705,0.114,2.504,0.336c1.909-1.294,2.748-1.025,2.748-1.025c0.546,1.376,0.202,2.394,0.1,2.646 c0.64,0.699,1.026,1.591,1.026,2.682c0,3.841-2.337,4.687-4.565,4.935c0.359,0.307,0.679,0.917,0.679,1.852 c0,1.335-0.012,2.415-0.012,2.741c0,0.269,0.18,0.579,0.688,0.481C19.138,20.161,22,16.416,22,12C22,6.477,17.523,2,12,2z\"><\/path><\/svg><\/a><\/li><\/ul>\n\n\n\n<figure class=\"wp-block-gallery columns-2 is-cropped\"><ul style=\"margin:0\" class=\"blocks-gallery-grid\"><li class=\"blocks-gallery-item\"><figure><img loading=\"lazy\" width=\"800\" height=\"445\" src=\"https:\/\/okankaradag.com\/wp-content\/uploads\/2021\/06\/asp.net-core-logo.png\" alt=\"\" data-id=\"339\" data-full-url=\"https:\/\/okankaradag.com\/wp-content\/uploads\/2021\/06\/asp.net-core-logo.png\" data-link=\"https:\/\/okankaradag.com\/?attachment_id=339\" class=\"wp-image-339\" srcset=\"https:\/\/okankaradag.com\/wp-content\/uploads\/2021\/06\/asp.net-core-logo.png 800w, https:\/\/okankaradag.com\/wp-content\/uploads\/2021\/06\/asp.net-core-logo-300x167.png 300w, https:\/\/okankaradag.com\/wp-content\/uploads\/2021\/06\/asp.net-core-logo-768x427.png 768w\" sizes=\"(max-width: 800px) 100vw, 800px\" \/><\/figure><\/li><li class=\"blocks-gallery-item\"><figure><img loading=\"lazy\" width=\"1024\" height=\"584\" src=\"https:\/\/okankaradag.com\/wp-content\/uploads\/2021\/06\/react-logo-1024x584.png\" alt=\"\" data-id=\"336\" data-full-url=\"https:\/\/okankaradag.com\/wp-content\/uploads\/2021\/06\/react-logo-e1623756097949.png\" data-link=\"https:\/\/okankaradag.com\/?attachment_id=336\" class=\"wp-image-336\"\/><\/figure><\/li><\/ul><\/figure>\n\n\n\n<p><\/p>","protected":false},"excerpt":{"rendered":"<p>Hi, I&#8217;m Okan Can Karada\u011f, live in Ankara. I&#8217;m working currently at Abis Technology as full stack developer. My skills are .Net, react, typescript, sql.<\/p>","protected":false},"author":1,"featured_media":334,"parent":0,"menu_order":0,"comment_status":"closed","ping_status":"closed","template":"","meta":[],"yoast_head":"<!-- This site is optimized with the Yoast SEO plugin v19.13 - https:\/\/yoast.com\/wordpress\/plugins\/seo\/ -->\n<title>Hakk\u0131mda - Okan Karada\u011f<\/title>\n<meta name=\"description\" content=\"Abis teknoloji firmas\u0131nda Full Stack Developer olarak \u00e7al\u0131\u015f\u0131yorum. a\u011f\u0131rl\u0131k olarak .Net teknolojileri kullanmam\u0131n yan\u0131 s\u0131ra react, typescript, blazor gibi g\u00fcncel front-end frameworklerini de kullan\u0131yorum. DevOps s\u00fcre\u00e7leri hakk\u0131nda da kendimi geli\u015ftiriyorum.\" \/>\n<meta name=\"robots\" content=\"index, follow, max-snippet:-1, max-image-preview:large, max-video-preview:-1\" \/>\n<link rel=\"canonical\" href=\"https:\/\/okankaradag.com\/en\/hakkimda\/\" \/>\n<meta property=\"og:locale\" content=\"en_US\" \/>\n<meta property=\"og:type\" content=\"article\" \/>\n<meta property=\"og:title\" content=\"Hakk\u0131mda - Okan Karada\u011f\" \/>\n<meta property=\"og:description\" content=\"Abis teknoloji firmas\u0131nda Full Stack Developer olarak \u00e7al\u0131\u015f\u0131yorum. a\u011f\u0131rl\u0131k olarak .Net teknolojileri kullanmam\u0131n yan\u0131 s\u0131ra react, typescript, blazor gibi g\u00fcncel front-end frameworklerini de kullan\u0131yorum. DevOps s\u00fcre\u00e7leri hakk\u0131nda da kendimi geli\u015ftiriyorum.\" \/>\n<meta property=\"og:url\" content=\"https:\/\/okankaradag.com\/en\/hakkimda\/\" \/>\n<meta property=\"og:site_name\" content=\"Okan Karada\u011f\" \/>\n<meta property=\"article:modified_time\" content=\"2022-10-30T20:39:51+00:00\" \/>\n<meta property=\"og:image\" content=\"https:\/\/okankaradag.com\/wp-content\/uploads\/2021\/06\/qtq80-46d5fo.jpeg\" \/>\n\t<meta property=\"og:image:width\" content=\"1254\" \/>\n\t<meta property=\"og:image:height\" content=\"836\" \/>\n\t<meta property=\"og:image:type\" content=\"image\/jpeg\" \/>\n<meta name=\"twitter:card\" content=\"summary_large_image\" \/>\n<meta name=\"twitter:label1\" content=\"Est. reading time\" \/>\n\t<meta name=\"twitter:data1\" content=\"1 minute\" \/>\n<script type=\"application\/ld+json\" class=\"yoast-schema-graph\">{\"@context\":\"https:\/\/schema.org\",\"@graph\":[{\"@type\":\"WebPage\",\"@id\":\"https:\/\/okankaradag.com\/hakkimda\",\"url\":\"https:\/\/okankaradag.com\/hakkimda\",\"name\":\"Hakk\u0131mda - Okan Karada\u011f\",\"isPartOf\":{\"@id\":\"https:\/\/okankaradag.com\/#website\"},\"datePublished\":\"2021-06-15T11:38:33+00:00\",\"dateModified\":\"2022-10-30T20:39:51+00:00\",\"description\":\"Abis teknoloji firmas\u0131nda Full Stack Developer olarak \u00e7al\u0131\u015f\u0131yorum. a\u011f\u0131rl\u0131k olarak .Net teknolojileri kullanmam\u0131n yan\u0131 s\u0131ra react, typescript, blazor gibi g\u00fcncel front-end frameworklerini de kullan\u0131yorum. DevOps s\u00fcre\u00e7leri hakk\u0131nda da kendimi geli\u015ftiriyorum.\",\"breadcrumb\":{\"@id\":\"https:\/\/okankaradag.com\/hakkimda#breadcrumb\"},\"inLanguage\":\"en-US\",\"potentialAction\":[{\"@type\":\"ReadAction\",\"target\":[\"https:\/\/okankaradag.com\/hakkimda\"]}]},{\"@type\":\"BreadcrumbList\",\"@id\":\"https:\/\/okankaradag.com\/hakkimda#breadcrumb\",\"itemListElement\":[{\"@type\":\"ListItem\",\"position\":1,\"name\":\"Home\",\"item\":\"https:\/\/okankaradag.com\/\"},{\"@type\":\"ListItem\",\"position\":2,\"name\":\"Hakk\u0131mda\"}]},{\"@type\":\"WebSite\",\"@id\":\"https:\/\/okankaradag.com\/#website\",\"url\":\"https:\/\/okankaradag.com\/\",\"name\":\"Okan Karada\u011f\",\"description\":\"Programlama \u00dczerine\",\"publisher\":{\"@id\":\"https:\/\/okankaradag.com\/#\/schema\/person\/0196919c5e3b6a496101ded872640d52\"},\"potentialAction\":[{\"@type\":\"SearchAction\",\"target\":{\"@type\":\"EntryPoint\",\"urlTemplate\":\"https:\/\/okankaradag.com\/?s={search_term_string}\"},\"query-input\":\"required name=search_term_string\"}],\"inLanguage\":\"en-US\"},{\"@type\":[\"Person\",\"Organization\"],\"@id\":\"https:\/\/okankaradag.com\/#\/schema\/person\/0196919c5e3b6a496101ded872640d52\",\"name\":\"Okan Karada\u011f\",\"image\":{\"@type\":\"ImageObject\",\"inLanguage\":\"en-US\",\"@id\":\"https:\/\/okankaradag.com\/#\/schema\/person\/image\/\",\"url\":\"https:\/\/secure.gravatar.com\/avatar\/ca08a5537d7e304914c37189abedd2a1?s=96&d=mm&r=g\",\"contentUrl\":\"https:\/\/secure.gravatar.com\/avatar\/ca08a5537d7e304914c37189abedd2a1?s=96&d=mm&r=g\",\"caption\":\"Okan Karada\u011f\"},\"logo\":{\"@id\":\"https:\/\/okankaradag.com\/#\/schema\/person\/image\/\"},\"sameAs\":[\"https:\/\/okankaradag.com\"]}]}<\/script>\n<!-- \/ Yoast SEO plugin. -->","yoast_head_json":{"title":"Hakk\u0131mda - Okan Karada\u011f","description":"Abis teknoloji firmas\u0131nda Full Stack Developer olarak \u00e7al\u0131\u015f\u0131yorum. a\u011f\u0131rl\u0131k olarak .Net teknolojileri kullanmam\u0131n yan\u0131 s\u0131ra react, typescript, blazor gibi g\u00fcncel front-end frameworklerini de kullan\u0131yorum. DevOps s\u00fcre\u00e7leri hakk\u0131nda da kendimi geli\u015ftiriyorum.","robots":{"index":"index","follow":"follow","max-snippet":"max-snippet:-1","max-image-preview":"max-image-preview:large","max-video-preview":"max-video-preview:-1"},"canonical":"https:\/\/okankaradag.com\/en\/hakkimda\/","og_locale":"en_US","og_type":"article","og_title":"Hakk\u0131mda - Okan Karada\u011f","og_description":"Abis teknoloji firmas\u0131nda Full Stack Developer olarak \u00e7al\u0131\u015f\u0131yorum. a\u011f\u0131rl\u0131k olarak .Net teknolojileri kullanmam\u0131n yan\u0131 s\u0131ra react, typescript, blazor gibi g\u00fcncel front-end frameworklerini de kullan\u0131yorum. DevOps s\u00fcre\u00e7leri hakk\u0131nda da kendimi geli\u015ftiriyorum.","og_url":"https:\/\/okankaradag.com\/en\/hakkimda\/","og_site_name":"Okan Karada\u011f","article_modified_time":"2022-10-30T20:39:51+00:00","og_image":[{"width":1254,"height":836,"url":"https:\/\/okankaradag.com\/wp-content\/uploads\/2021\/06\/qtq80-46d5fo.jpeg","type":"image\/jpeg"}],"twitter_card":"summary_large_image","twitter_misc":{"Est. reading time":"1 minute"},"schema":{"@context":"https:\/\/schema.org","@graph":[{"@type":"WebPage","@id":"https:\/\/okankaradag.com\/hakkimda","url":"https:\/\/okankaradag.com\/hakkimda","name":"Hakk\u0131mda - Okan Karada\u011f","isPartOf":{"@id":"https:\/\/okankaradag.com\/#website"},"datePublished":"2021-06-15T11:38:33+00:00","dateModified":"2022-10-30T20:39:51+00:00","description":"Abis teknoloji firmas\u0131nda Full Stack Developer olarak \u00e7al\u0131\u015f\u0131yorum. a\u011f\u0131rl\u0131k olarak .Net teknolojileri kullanmam\u0131n yan\u0131 s\u0131ra react, typescript, blazor gibi g\u00fcncel front-end frameworklerini de kullan\u0131yorum. DevOps s\u00fcre\u00e7leri hakk\u0131nda da kendimi geli\u015ftiriyorum.","breadcrumb":{"@id":"https:\/\/okankaradag.com\/hakkimda#breadcrumb"},"inLanguage":"en-US","potentialAction":[{"@type":"ReadAction","target":["https:\/\/okankaradag.com\/hakkimda"]}]},{"@type":"BreadcrumbList","@id":"https:\/\/okankaradag.com\/hakkimda#breadcrumb","itemListElement":[{"@type":"ListItem","position":1,"name":"Home","item":"https:\/\/okankaradag.com\/"},{"@type":"ListItem","position":2,"name":"Hakk\u0131mda"}]},{"@type":"WebSite","@id":"https:\/\/okankaradag.com\/#website","url":"https:\/\/okankaradag.com\/","name":"Okan Karada\u011f","description":"Programlama \u00dczerine","publisher":{"@id":"https:\/\/okankaradag.com\/#\/schema\/person\/0196919c5e3b6a496101ded872640d52"},"potentialAction":[{"@type":"SearchAction","target":{"@type":"EntryPoint","urlTemplate":"https:\/\/okankaradag.com\/?s={search_term_string}"},"query-input":"required name=search_term_string"}],"inLanguage":"en-US"},{"@type":["Person","Organization"],"@id":"https:\/\/okankaradag.com\/#\/schema\/person\/0196919c5e3b6a496101ded872640d52","name":"Okan Karada\u011f","image":{"@type":"ImageObject","inLanguage":"en-US","@id":"https:\/\/okankaradag.com\/#\/schema\/person\/image\/","url":"https:\/\/secure.gravatar.com\/avatar\/ca08a5537d7e304914c37189abedd2a1?s=96&d=mm&r=g","contentUrl":"https:\/\/secure.gravatar.com\/avatar\/ca08a5537d7e304914c37189abedd2a1?s=96&d=mm&r=g","caption":"Okan Karada\u011f"},"logo":{"@id":"https:\/\/okankaradag.com\/#\/schema\/person\/image\/"},"sameAs":["https:\/\/okankaradag.com"]}]}},"_links":{"self":[{"href":"https:\/\/okankaradag.com\/en\/wp-json\/wp\/v2\/pages\/330"}],"collection":[{"href":"https:\/\/okankaradag.com\/en\/wp-json\/wp\/v2\/pages"}],"about":[{"href":"https:\/\/okankaradag.com\/en\/wp-json\/wp\/v2\/types\/page"}],"author":[{"embeddable":true,"href":"https:\/\/okankaradag.com\/en\/wp-json\/wp\/v2\/users\/1"}],"replies":[{"embeddable":true,"href":"https:\/\/okankaradag.com\/en\/wp-json\/wp\/v2\/comments?post=330"}],"version-history":[{"count":33,"href":"https:\/\/okankaradag.com\/en\/wp-json\/wp\/v2\/pages\/330\/revisions"}],"predecessor-version":[{"id":824,"href":"https:\/\/okankaradag.com\/en\/wp-json\/wp\/v2\/pages\/330\/revisions\/824"}],"wp:featuredmedia":[{"embeddable":true,"href":"https:\/\/okankaradag.com\/en\/wp-json\/wp\/v2\/media\/334"}],"wp:attachment":[{"href":"https:\/\/okankaradag.com\/en\/wp-json\/wp\/v2\/media?parent=330"}],"curies":[{"name":"wp","href":"https:\/\/api.w.org\/{rel}","templated":true}]}}